{"id":14858,"date":"2020-01-07T12:53:16","date_gmt":"2020-01-07T15:53:16","guid":{"rendered":"https:\/\/www.way2net.com\/portfolio-way2net\/portfolio-diseno\/"},"modified":"2020-04-26T11:50:24","modified_gmt":"2020-04-26T14:50:24","slug":"portfolio-diseno","status":"publish","type":"page","link":"https:\/\/www.way2net.com\/en\/portfolio-way2net\/portfolio-diseno\/","title":{"rendered":"Graphic Design Portfolio"},"content":{"rendered":"\n<ul id=\"menu-portfolio-ingles\" class=\"menu menu-portfolio\"><li id=\"menu-item-14862\" class=\"menu-item menu-item-type-post_type menu-item-object-page menu-item-14862\"><a href=\"https:\/\/www.way2net.com\/en\/portfolio-way2net\/\">All<\/a><\/li>\n<li id=\"menu-item-14863\" class=\"menu-item menu-item-type-post_type menu-item-object-page menu-item-14863\"><a href=\"https:\/\/www.way2net.com\/en\/portfolio-way2net\/portfolio-diseno\/\">Design<\/a><\/li>\n<li id=\"menu-item-14957\" class=\"menu-item menu-item-type-post_type menu-item-object-page menu-item-14957\"><a href=\"https:\/\/www.way2net.com\/en\/portfolio-way2net\/posicionamiento\/\">Positioning<\/a><\/li>\n<li id=\"menu-item-14982\" class=\"menu-item menu-item-type-post_type menu-item-object-page menu-item-14982\"><a href=\"https:\/\/www.way2net.com\/en\/portfolio-way2net\/portfolio-advertising\/\">Advertising<\/a><\/li>\n<li id=\"menu-item-14963\" class=\"menu-item menu-item-type-post_type menu-item-object-page menu-item-14963\"><a href=\"https:\/\/www.way2net.com\/en\/portfolio-way2net\/portfolio-redes\/\">Social Media<\/a><\/li>\n<li id=\"menu-item-22142\" class=\"menu-item menu-item-type-post_type menu-item-object-page menu-item-22142\"><a href=\"https:\/\/www.way2net.com\/en\/portfolio-way2net\/\">Portfolio<\/a><\/li>\n<li id=\"menu-item-14967\" class=\"menu-item menu-item-type-post_type menu-item-object-page menu-item-14967\"><a href=\"https:\/\/www.way2net.com\/en\/portfolio-way2net\/web\/\">Web<\/a><\/li>\n<li id=\"menu-item-14925\" class=\"menu-item menu-item-type-post_type menu-item-object-page menu-item-14925\"><a href=\"https:\/\/www.way2net.com\/en\/portfolio-way2net\/events\/\">Events<\/a><\/li>\n<\/ul>\n\n\n\n<style>.wp-show-posts-columns#wpsp-14859 {margin-left: -2em; }.wp-show-posts-columns#wpsp-14859 .wp-show-posts-inner {margin: 0 0 2em 2em; }<\/style><section id=\"wpsp-14859\" class=\" wp-show-posts-columns wp-show-posts\" style=\"\"><article class=\" wp-show-posts-single post-26377 portfolio type-portfolio status-publish has-post-thumbnail hentry portfolio_category-publicidad-en portfolio_category-marketing-digital-en portfolio_category-diseno-en portfolio_category-posicionamiento-en portfolio_category-redes-sociales-en portfolio_category-web-en wpsp-col-4\" itemtype=\"http:\/\/schema.org\/CreativeWork\" itemscope><div class=\"wp-show-posts-inner\" style=\"\">\t\t<div class=\"wp-show-posts-image  wpsp-image-center \">\n\t\t\t<a href=\"https:\/\/www.way2net.com\/en\/portfolio\/estrategia-digital-fintech-v1\/\" title=\"Digital Strategy for Fintech V1\"><img decoding=\"async\" width=\"400\" height=\"300\" src=\"https:\/\/www.way2net.com\/wp-content\/uploads\/2023\/10\/tarjeta-v1-dest.jpg\" class=\"attachment-full size-full wp-post-image\" alt=\"marketing digital fintech\" itemprop=\"image\" srcset=\"https:\/\/www.way2net.com\/wp-content\/uploads\/2023\/10\/tarjeta-v1-dest.jpg 400w, https:\/\/www.way2net.com\/wp-content\/uploads\/2023\/10\/tarjeta-v1-dest-300x225.jpg 300w\" sizes=\"(max-width: 400px) 100vw, 400px\" \/><\/a>\t\t<\/div>\n\t\t\t\t\t\t\t\t<header class=\"wp-show-posts-entry-header\">\n\t\t\t\t\t\t\t<h2 class=\"wp-show-posts-entry-title\" itemprop=\"headline\"><a href=\"https:\/\/www.way2net.com\/en\/portfolio\/estrategia-digital-fintech-v1\/\" rel=\"bookmark\">Digital Strategy for Fintech V1<\/a><\/h2>\t\t\t\t\t\t<\/header>\n\t\t\t\t\t\t\t\t\t\t\t<div class=\"wp-show-posts-entry-summary\" itemprop=\"text\">\n\t\t\t\t\t\t\t<p>Client &#8211; V1 Fintech Digital strategy for Fintech company of Executive Aviation www.v1fintech.com At V1 Fintech, we are proud to dedicate ourselves exclusively to serving the business aviation industry. Our&#8230;<\/p>\n\t\t\t\t\t\t<\/div>\n\t\t\t\t\t<div class=\"wpsp-read-more\"><a title=\"Digital Strategy for Fintech V1\" class=\"wp-show-posts-read-more\" href=\"https:\/\/www.way2net.com\/en\/portfolio\/estrategia-digital-fintech-v1\/\">Leer m\u00e1s<\/a><\/div><\/div><\/article><article class=\" wp-show-posts-single post-11050 portfolio type-portfolio status-publish has-post-thumbnail hentry portfolio_category-publicidad-en portfolio_category-marketing-digital-en portfolio_category-diseno-en portfolio_category-posicionamiento-en portfolio_category-redes-sociales-en portfolio_category-web-en wpsp-col-4\" itemtype=\"http:\/\/schema.org\/CreativeWork\" itemscope><div class=\"wp-show-posts-inner\" style=\"\">\t\t<div class=\"wp-show-posts-image  wpsp-image-center \">\n\t\t\t<a href=\"https:\/\/www.way2net.com\/en\/portfolio\/disney-tsum-tsum-toys\/\" title=\"Disney Tsum Tsum Toys\"><img decoding=\"async\" width=\"400\" height=\"324\" src=\"https:\/\/www.way2net.com\/wp-content\/uploads\/2019\/02\/disney-tsum-tsum-dest.jpg\" class=\"attachment-full size-full wp-post-image\" alt=\"marketing disney tsum tsum\" itemprop=\"image\" srcset=\"https:\/\/www.way2net.com\/wp-content\/uploads\/2019\/02\/disney-tsum-tsum-dest.jpg 400w, https:\/\/www.way2net.com\/wp-content\/uploads\/2019\/02\/disney-tsum-tsum-dest-300x243.jpg 300w\" sizes=\"(max-width: 400px) 100vw, 400px\" \/><\/a>\t\t<\/div>\n\t\t\t\t\t\t\t\t<header class=\"wp-show-posts-entry-header\">\n\t\t\t\t\t\t\t<h2 class=\"wp-show-posts-entry-title\" itemprop=\"headline\"><a href=\"https:\/\/www.way2net.com\/en\/portfolio\/disney-tsum-tsum-toys\/\" rel=\"bookmark\">Disney Tsum Tsum Toys<\/a><\/h2>\t\t\t\t\t\t<\/header>\n\t\t\t\t\t\t\t\t\t\t\t<div class=\"wp-show-posts-entry-summary\" itemprop=\"text\">\n\t\t\t\t\t\t\t<p>Client &#8211; Caffaro Hnos. &#8211; Disney Tsum Tsum Toys Tsum Tsum&#8216; are collectible mini plush figures for Disney classic characters and special collections like Frozen, Star wars, Toy Story, Disney&#8230;<\/p>\n\t\t\t\t\t\t<\/div>\n\t\t\t\t\t<div class=\"wpsp-read-more\"><a title=\"Disney Tsum Tsum Toys\" class=\"wp-show-posts-read-more\" href=\"https:\/\/www.way2net.com\/en\/portfolio\/disney-tsum-tsum-toys\/\">Leer m\u00e1s<\/a><\/div><\/div><\/article><article class=\" wp-show-posts-single post-3815 portfolio type-portfolio status-publish has-post-thumbnail hentry portfolio_category-publicidad-en portfolio_category-marketing-digital-en portfolio_category-diseno-en portfolio_category-posicionamiento-en portfolio_category-redes-sociales-en wpsp-col-4\" itemtype=\"http:\/\/schema.org\/CreativeWork\" itemscope><div class=\"wp-show-posts-inner\" style=\"\">\t\t<div class=\"wp-show-posts-image  wpsp-image-center \">\n\t\t\t<a href=\"https:\/\/www.way2net.com\/en\/portfolio\/travel-agency-website\/\" title=\"Destinos a Medida Travel Agency\"><img decoding=\"async\" width=\"710\" height=\"575\" src=\"https:\/\/www.way2net.com\/wp-content\/uploads\/2014\/03\/destacada-destinosamedida-2.jpg\" class=\"attachment-full size-full wp-post-image\" alt=\"Destinos a Medida web\" itemprop=\"image\" srcset=\"https:\/\/www.way2net.com\/wp-content\/uploads\/2014\/03\/destacada-destinosamedida-2.jpg 710w, https:\/\/www.way2net.com\/wp-content\/uploads\/2014\/03\/destacada-destinosamedida-2-300x242.jpg 300w, https:\/\/www.way2net.com\/wp-content\/uploads\/2014\/03\/destacada-destinosamedida-2-495x400.jpg 495w, https:\/\/www.way2net.com\/wp-content\/uploads\/2014\/03\/destacada-destinosamedida-2-705x570.jpg 705w, https:\/\/www.way2net.com\/wp-content\/uploads\/2014\/03\/destacada-destinosamedida-2-450x364.jpg 450w\" sizes=\"(max-width: 710px) 100vw, 710px\" \/><\/a>\t\t<\/div>\n\t\t\t\t\t\t\t\t<header class=\"wp-show-posts-entry-header\">\n\t\t\t\t\t\t\t<h2 class=\"wp-show-posts-entry-title\" itemprop=\"headline\"><a href=\"https:\/\/www.way2net.com\/en\/portfolio\/travel-agency-website\/\" rel=\"bookmark\">Destinos a Medida Travel Agency<\/a><\/h2>\t\t\t\t\t\t<\/header>\n\t\t\t\t\t\t\t\t\t\t\t<div class=\"wp-show-posts-entry-summary\" itemprop=\"text\">\n\t\t\t\t\t\t\t<p>Desarrollo Sitio Web + Posicionamiento en Google + Community Management<\/p>\n\t\t\t\t\t\t<\/div>\n\t\t\t\t\t<div class=\"wpsp-read-more\"><a title=\"Destinos a Medida Travel Agency\" class=\"wp-show-posts-read-more\" href=\"https:\/\/www.way2net.com\/en\/portfolio\/travel-agency-website\/\">Leer m\u00e1s<\/a><\/div><\/div><\/article><article class=\" wp-show-posts-single post-3828 portfolio type-portfolio status-publish has-post-thumbnail hentry portfolio_category-marketing-digital-en portfolio_category-editorial-en portfolio_category-events portfolio_category-diseno-en portfolio_category-identidad-en portfolio_category-posicionamiento-en portfolio_category-redes-sociales-en portfolio_category-video portfolio_category-web-en wpsp-col-4\" itemtype=\"http:\/\/schema.org\/CreativeWork\" itemscope><div class=\"wp-show-posts-inner\" style=\"\">\t\t<div class=\"wp-show-posts-image  wpsp-image-center \">\n\t\t\t<a href=\"https:\/\/www.way2net.com\/en\/portfolio\/digital-strategy-magazine-gallaretas\/\" title=\"Gallaretas\"><img decoding=\"async\" width=\"710\" height=\"575\" src=\"https:\/\/www.way2net.com\/wp-content\/uploads\/2014\/03\/identidad-gallaretas.jpg\" class=\"attachment-full size-full wp-post-image\" alt=\"Identidad Gallaretas\" itemprop=\"image\" srcset=\"https:\/\/www.way2net.com\/wp-content\/uploads\/2014\/03\/identidad-gallaretas.jpg 710w, https:\/\/www.way2net.com\/wp-content\/uploads\/2014\/03\/identidad-gallaretas-300x242.jpg 300w, https:\/\/www.way2net.com\/wp-content\/uploads\/2014\/03\/identidad-gallaretas-495x400.jpg 495w, https:\/\/www.way2net.com\/wp-content\/uploads\/2014\/03\/identidad-gallaretas-705x570.jpg 705w, https:\/\/www.way2net.com\/wp-content\/uploads\/2014\/03\/identidad-gallaretas-450x364.jpg 450w\" sizes=\"(max-width: 710px) 100vw, 710px\" \/><\/a>\t\t<\/div>\n\t\t\t\t\t\t\t\t<header class=\"wp-show-posts-entry-header\">\n\t\t\t\t\t\t\t<h2 class=\"wp-show-posts-entry-title\" itemprop=\"headline\"><a href=\"https:\/\/www.way2net.com\/en\/portfolio\/digital-strategy-magazine-gallaretas\/\" rel=\"bookmark\">Gallaretas<\/a><\/h2>\t\t\t\t\t\t<\/header>\n\t\t\t\t\t\t\t\t\t\t\t<div class=\"wp-show-posts-entry-summary\" itemprop=\"text\">\n\t\t\t\t\t\t\t<p>Estrategia Integral: Identidad, Sitio Web, Dise\u00f1o Editorial Revista, Desarrollo y Gesti\u00f3n Comercial, Publicidad Online, SEO, Redes Sociales y Aplicaci\u00f3n Mobile<\/p>\n\t\t\t\t\t\t<\/div>\n\t\t\t\t\t<div class=\"wpsp-read-more\"><a title=\"Gallaretas\" class=\"wp-show-posts-read-more\" href=\"https:\/\/www.way2net.com\/en\/portfolio\/digital-strategy-magazine-gallaretas\/\">Leer m\u00e1s<\/a><\/div><\/div><\/article><article class=\" wp-show-posts-single post-3830 portfolio type-portfolio status-publish has-post-thumbnail hentry portfolio_category-marketing-digital-en portfolio_category-editorial-en portfolio_category-diseno-en portfolio_category-identidad-en portfolio_category-redes-sociales-en portfolio_category-web-en wpsp-col-4\" itemtype=\"http:\/\/schema.org\/CreativeWork\" itemscope><div class=\"wp-show-posts-inner\" style=\"\">\t\t<div class=\"wp-show-posts-image  wpsp-image-center \">\n\t\t\t<a href=\"https:\/\/www.way2net.com\/en\/portfolio\/digital-marketing-centro-estetica-bessone-piel\/\" title=\"Bessone Piel\"><img decoding=\"async\" width=\"710\" height=\"575\" src=\"https:\/\/www.way2net.com\/wp-content\/uploads\/2014\/03\/destacada-bessonepiel-2.jpg\" class=\"attachment-full size-full wp-post-image\" alt=\"Bessone Piel\" itemprop=\"image\" srcset=\"https:\/\/www.way2net.com\/wp-content\/uploads\/2014\/03\/destacada-bessonepiel-2.jpg 710w, https:\/\/www.way2net.com\/wp-content\/uploads\/2014\/03\/destacada-bessonepiel-2-300x242.jpg 300w, https:\/\/www.way2net.com\/wp-content\/uploads\/2014\/03\/destacada-bessonepiel-2-495x400.jpg 495w, https:\/\/www.way2net.com\/wp-content\/uploads\/2014\/03\/destacada-bessonepiel-2-705x570.jpg 705w, https:\/\/www.way2net.com\/wp-content\/uploads\/2014\/03\/destacada-bessonepiel-2-450x364.jpg 450w\" sizes=\"(max-width: 710px) 100vw, 710px\" \/><\/a>\t\t<\/div>\n\t\t\t\t\t\t\t\t<header class=\"wp-show-posts-entry-header\">\n\t\t\t\t\t\t\t<h2 class=\"wp-show-posts-entry-title\" itemprop=\"headline\"><a href=\"https:\/\/www.way2net.com\/en\/portfolio\/digital-marketing-centro-estetica-bessone-piel\/\" rel=\"bookmark\">Bessone Piel<\/a><\/h2>\t\t\t\t\t\t<\/header>\n\t\t\t\t\t\t\t\t\t\t\t<div class=\"wp-show-posts-entry-summary\" itemprop=\"text\">\n\t\t\t\t\t\t\t<p>Cliente &#8211; Bessone Piel Marketing Digital Centro Estetica website:\u00a0www.bessonepiel.com.ar Marketing Digital Centro Estetica Bessone Piel es un centro de medicina para la piel liderado por la Dra. Adriana Bessone. Nuclea&#8230;<\/p>\n\t\t\t\t\t\t<\/div>\n\t\t\t\t\t<div class=\"wpsp-read-more\"><a title=\"Bessone Piel\" class=\"wp-show-posts-read-more\" href=\"https:\/\/www.way2net.com\/en\/portfolio\/digital-marketing-centro-estetica-bessone-piel\/\">Leer m\u00e1s<\/a><\/div><\/div><\/article><div class=\"wpsp-clear\"><\/div><\/section>\n\n\n\n<h4 class=\"wp-block-heading\">These are some examples of Way2net graphic design projects, if you do not find something similar to what you are looking for, contact us, we can help you for sure.<\/h4>\n\n\n\n\n<div class=\"wpcf7 no-js\" id=\"wpcf7-f1105-o1\" lang=\"en-US\" dir=\"ltr\" data-wpcf7-id=\"1105\">\n<div class=\"screen-reader-response\"><p role=\"status\" aria-live=\"polite\" aria-atomic=\"true\"><\/p> <ul><\/ul><\/div>\n<form action=\"\/en\/wp-json\/wp\/v2\/pages\/14858#wpcf7-f1105-o1\" method=\"post\" class=\"wpcf7-form init\" aria-label=\"Contact form\" novalidate=\"novalidate\" data-status=\"init\">\n<fieldset class=\"hidden-fields-container\"><input type=\"hidden\" name=\"_wpcf7\" value=\"1105\" \/><input type=\"hidden\" name=\"_wpcf7_version\" value=\"6.1\" \/><input type=\"hidden\" name=\"_wpcf7_locale\" value=\"en_US\" \/><input type=\"hidden\" name=\"_wpcf7_unit_tag\" value=\"wpcf7-f1105-o1\" \/><input type=\"hidden\" name=\"_wpcf7_container_post\" value=\"0\" \/><input type=\"hidden\" name=\"_wpcf7_posted_data_hash\" value=\"\" \/>\n<\/fieldset>\n<h4>Contactanos para ser tu Agencia Digital\n<\/h4>\n<p><span style=\"color:#a9a9a9;\">campos obligatorios (*)<\/span>\n<\/p>\n<div>\n\t<p><span class=\"wpcf7-form-control-wrap\" data-name=\"your-name\"><input size=\"40\" maxlength=\"400\" class=\"wpcf7-form-control wpcf7-text wpcf7-validates-as-required\" aria-required=\"true\" aria-invalid=\"false\" placeholder=\"Nombre (*)\" value=\"\" type=\"text\" name=\"your-name\" \/><\/span>\n\t<\/p>\n<\/div>\n<div>\n\t<p><span class=\"wpcf7-form-control-wrap\" data-name=\"your-lastname\"><input size=\"40\" maxlength=\"400\" class=\"wpcf7-form-control wpcf7-text wpcf7-validates-as-required\" aria-required=\"true\" aria-invalid=\"false\" placeholder=\"Apellido (*)\" value=\"\" type=\"text\" name=\"your-lastname\" \/><\/span>\n\t<\/p>\n<\/div>\n<div>\n\t<p><span class=\"wpcf7-form-control-wrap\" data-name=\"your-email\"><input size=\"40\" maxlength=\"400\" class=\"wpcf7-form-control wpcf7-email wpcf7-validates-as-required wpcf7-text wpcf7-validates-as-email\" aria-required=\"true\" aria-invalid=\"false\" placeholder=\"Email (*)\" value=\"\" type=\"email\" name=\"your-email\" \/><\/span>\n\t<\/p>\n<\/div>\n<div>\n\t<p><span class=\"wpcf7-form-control-wrap\" data-name=\"your-phone\"><input size=\"40\" maxlength=\"400\" class=\"wpcf7-form-control wpcf7-text wpcf7-validates-as-required\" aria-required=\"true\" aria-invalid=\"false\" placeholder=\"Tel\u00e9fono\" value=\"\" type=\"text\" name=\"your-phone\" \/><\/span>\n\t<\/p>\n<\/div>\n<div>\n\t<p><span class=\"wpcf7-form-control-wrap\" data-name=\"your-company\"><input size=\"40\" maxlength=\"400\" class=\"wpcf7-form-control wpcf7-text\" aria-invalid=\"false\" placeholder=\"Empresa\" value=\"\" type=\"text\" name=\"your-company\" \/><\/span>\n\t<\/p>\n<\/div>\n<div>\n\t<p><span class=\"wpcf7-form-control-wrap\" data-name=\"your-web\"><input size=\"40\" maxlength=\"400\" class=\"wpcf7-form-control wpcf7-text\" aria-invalid=\"false\" placeholder=\"Web\" value=\"\" type=\"text\" name=\"your-web\" \/><\/span>\n\t<\/p>\n<\/div>\n<div>\n\t<p><span class=\"wpcf7-form-control-wrap\" data-name=\"select-ppto\"><select class=\"wpcf7-form-control wpcf7-select\" aria-invalid=\"false\" name=\"select-ppto\"><option value=\"\">Presupuesto actual de marketing mensual<\/option><option value=\"Menos de 1000 USD\">Menos de 1000 USD<\/option><option value=\"Entre 1000-2000 USD\">Entre 1000-2000 USD<\/option><option value=\"Entre 2000-3000 USD\">Entre 2000-3000 USD<\/option><option value=\"Entre 3000-5000 USD\">Entre 3000-5000 USD<\/option><option value=\"Mas de 5000 USD\">Mas de 5000 USD<\/option><\/select><\/span>\n\t<\/p>\n<\/div>\n<div>\n\t<p><span class=\"wpcf7-form-control-wrap\" data-name=\"your-message\"><textarea cols=\"40\" rows=\"4\" maxlength=\"2000\" class=\"wpcf7-form-control wpcf7-textarea wpcf7-validates-as-required\" aria-required=\"true\" aria-invalid=\"false\" placeholder=\"Mensaje\" name=\"your-message\"><\/textarea><\/span>\n\t<\/p>\n<\/div>\n<div>\n\t<p><span class=\"wpcf7-form-control-wrap\" data-name=\"quiz-100\"><label><span class=\"wpcf7-quiz-label\">Cuanto es (4+2)*6?<\/span> <input size=\"40\" class=\"wpcf7-form-control wpcf7-quiz\" autocomplete=\"off\" aria-required=\"true\" aria-invalid=\"false\" type=\"text\" name=\"quiz-100\" \/><\/label><input type=\"hidden\" name=\"_wpcf7_quiz_answer_quiz-100\" value=\"d0a15e4abba32df62da770d892abcc47\" \/><\/span>\n\t<\/p>\n<\/div>\n<div>\n\t<p><input class=\"wpcf7-form-control wpcf7-submit has-spinner\" type=\"submit\" value=\"Enviar\" \/>\n\t<\/p>\n<\/div><p style=\"display: none !important;\" class=\"akismet-fields-container\" data-prefix=\"_wpcf7_ak_\"><label>&#916;<textarea name=\"_wpcf7_ak_hp_textarea\" cols=\"45\" rows=\"8\" maxlength=\"100\"><\/textarea><\/label><input type=\"hidden\" id=\"ak_js_1\" name=\"_wpcf7_ak_js\" value=\"143\"\/><script>document.getElementById( \"ak_js_1\" ).setAttribute( \"value\", ( new Date() ).getTime() );<\/script><\/p><div class=\"wpcf7-response-output\" aria-hidden=\"true\"><\/div>\n<\/form>\n<\/div>\n\n","protected":false},"excerpt":{"rendered":"<p>These are some examples of Way2net graphic design projects, if you do not find something similar to what you are looking for, contact us, we can help you for sure.<\/p>\n","protected":false},"author":4,"featured_media":0,"parent":3861,"menu_order":0,"comment_status":"closed","ping_status":"closed","template":"","meta":{"_joinchat":[],"footnotes":""},"class_list":["post-14858","page","type-page","status-publish","hentry"],"_links":{"self":[{"href":"https:\/\/www.way2net.com\/en\/wp-json\/wp\/v2\/pages\/14858","targetHints":{"allow":["GET"]}}],"collection":[{"href":"https:\/\/www.way2net.com\/en\/wp-json\/wp\/v2\/pages"}],"about":[{"href":"https:\/\/www.way2net.com\/en\/wp-json\/wp\/v2\/types\/page"}],"author":[{"embeddable":true,"href":"https:\/\/www.way2net.com\/en\/wp-json\/wp\/v2\/users\/4"}],"replies":[{"embeddable":true,"href":"https:\/\/www.way2net.com\/en\/wp-json\/wp\/v2\/comments?post=14858"}],"version-history":[{"count":2,"href":"https:\/\/www.way2net.com\/en\/wp-json\/wp\/v2\/pages\/14858\/revisions"}],"predecessor-version":[{"id":15148,"href":"https:\/\/www.way2net.com\/en\/wp-json\/wp\/v2\/pages\/14858\/revisions\/15148"}],"up":[{"embeddable":true,"href":"https:\/\/www.way2net.com\/en\/wp-json\/wp\/v2\/pages\/3861"}],"wp:attachment":[{"href":"https:\/\/www.way2net.com\/en\/wp-json\/wp\/v2\/media?parent=14858"}],"curies":[{"name":"wp","href":"https:\/\/api.w.org\/{rel}","templated":true}]}}