{"id":14960,"date":"2020-01-07T14:03:11","date_gmt":"2020-01-07T17:03:11","guid":{"rendered":"https:\/\/www.way2net.com\/portfolio-way2net\/portfolio-redes\/"},"modified":"2020-05-09T19:46:02","modified_gmt":"2020-05-09T22:46:02","slug":"portfolio-redes","status":"publish","type":"page","link":"https:\/\/www.way2net.com\/en\/portfolio-way2net\/portfolio-redes\/","title":{"rendered":"Portfolio Social Media"},"content":{"rendered":"\n<ul id=\"menu-portfolio-ingles\" class=\"menu menu-portfolio\"><li id=\"menu-item-14862\" class=\"menu-item menu-item-type-post_type menu-item-object-page menu-item-14862\"><a href=\"https:\/\/www.way2net.com\/en\/portfolio-way2net\/\">All<\/a><\/li>\n<li id=\"menu-item-14863\" class=\"menu-item menu-item-type-post_type menu-item-object-page menu-item-14863\"><a href=\"https:\/\/www.way2net.com\/en\/portfolio-way2net\/portfolio-diseno\/\">Design<\/a><\/li>\n<li id=\"menu-item-14957\" class=\"menu-item menu-item-type-post_type menu-item-object-page menu-item-14957\"><a href=\"https:\/\/www.way2net.com\/en\/portfolio-way2net\/posicionamiento\/\">Positioning<\/a><\/li>\n<li id=\"menu-item-14982\" class=\"menu-item menu-item-type-post_type menu-item-object-page menu-item-14982\"><a href=\"https:\/\/www.way2net.com\/en\/portfolio-way2net\/portfolio-advertising\/\">Advertising<\/a><\/li>\n<li id=\"menu-item-14963\" class=\"menu-item menu-item-type-post_type menu-item-object-page menu-item-14963\"><a href=\"https:\/\/www.way2net.com\/en\/portfolio-way2net\/portfolio-redes\/\">Social Media<\/a><\/li>\n<li id=\"menu-item-22142\" class=\"menu-item menu-item-type-post_type menu-item-object-page menu-item-22142\"><a href=\"https:\/\/www.way2net.com\/en\/portfolio-way2net\/\">Portfolio<\/a><\/li>\n<li id=\"menu-item-14967\" class=\"menu-item menu-item-type-post_type menu-item-object-page menu-item-14967\"><a href=\"https:\/\/www.way2net.com\/en\/portfolio-way2net\/web\/\">Web<\/a><\/li>\n<li id=\"menu-item-14925\" class=\"menu-item menu-item-type-post_type menu-item-object-page menu-item-14925\"><a href=\"https:\/\/www.way2net.com\/en\/portfolio-way2net\/events\/\">Events<\/a><\/li>\n<\/ul>\n\n\n\n<style>.wp-show-posts-columns#wpsp-14958 {margin-left: -2em; }.wp-show-posts-columns#wpsp-14958 .wp-show-posts-inner {margin: 0 0 2em 2em; }<\/style><section id=\"wpsp-14958\" class=\" wp-show-posts-columns wp-show-posts\" style=\"\"><article class=\" wp-show-posts-single post-26377 portfolio type-portfolio status-publish has-post-thumbnail hentry portfolio_category-publicidad-en portfolio_category-marketing-digital-en portfolio_category-diseno-en portfolio_category-posicionamiento-en portfolio_category-redes-sociales-en portfolio_category-web-en wpsp-col-4\" itemtype=\"http:\/\/schema.org\/CreativeWork\" itemscope><div class=\"wp-show-posts-inner\" style=\"\">\t\t<div class=\"wp-show-posts-image  wpsp-image-center \">\n\t\t\t<a href=\"https:\/\/www.way2net.com\/en\/portfolio\/estrategia-digital-fintech-v1\/\" title=\"Digital Strategy for Fintech V1\"><img decoding=\"async\" width=\"400\" height=\"300\" src=\"https:\/\/www.way2net.com\/wp-content\/uploads\/2023\/10\/tarjeta-v1-dest.jpg\" class=\"attachment-full size-full wp-post-image\" alt=\"marketing digital fintech\" itemprop=\"image\" srcset=\"https:\/\/www.way2net.com\/wp-content\/uploads\/2023\/10\/tarjeta-v1-dest.jpg 400w, https:\/\/www.way2net.com\/wp-content\/uploads\/2023\/10\/tarjeta-v1-dest-300x225.jpg 300w\" sizes=\"(max-width: 400px) 100vw, 400px\" \/><\/a>\t\t<\/div>\n\t\t\t\t\t\t\t\t<header class=\"wp-show-posts-entry-header\">\n\t\t\t\t\t\t\t<h2 class=\"wp-show-posts-entry-title\" itemprop=\"headline\"><a href=\"https:\/\/www.way2net.com\/en\/portfolio\/estrategia-digital-fintech-v1\/\" rel=\"bookmark\">Digital Strategy for Fintech V1<\/a><\/h2>\t\t\t\t\t\t<\/header>\n\t\t\t\t\t\t\t\t\t\t\t<div class=\"wp-show-posts-entry-summary\" itemprop=\"text\">\n\t\t\t\t\t\t\t<p>Client &#8211; V1 Fintech Digital strategy for Fintech company of Executive Aviation www.v1fintech.com At V1 Fintech, we are proud to dedicate ourselves exclusively to serving the business aviation industry. Our&#8230;<\/p>\n\t\t\t\t\t\t<\/div>\n\t\t\t\t\t<div class=\"wpsp-read-more\"><a title=\"Digital Strategy for Fintech V1\" class=\"wp-show-posts-read-more\" href=\"https:\/\/www.way2net.com\/en\/portfolio\/estrategia-digital-fintech-v1\/\">Leer m\u00e1s<\/a><\/div><\/div><\/article><article class=\" wp-show-posts-single post-11050 portfolio type-portfolio status-publish has-post-thumbnail hentry portfolio_category-publicidad-en portfolio_category-marketing-digital-en portfolio_category-diseno-en portfolio_category-posicionamiento-en portfolio_category-redes-sociales-en portfolio_category-web-en wpsp-col-4\" itemtype=\"http:\/\/schema.org\/CreativeWork\" itemscope><div class=\"wp-show-posts-inner\" style=\"\">\t\t<div class=\"wp-show-posts-image  wpsp-image-center \">\n\t\t\t<a href=\"https:\/\/www.way2net.com\/en\/portfolio\/disney-tsum-tsum-toys\/\" title=\"Disney Tsum Tsum Toys\"><img decoding=\"async\" width=\"400\" height=\"324\" src=\"https:\/\/www.way2net.com\/wp-content\/uploads\/2019\/02\/disney-tsum-tsum-dest.jpg\" class=\"attachment-full size-full wp-post-image\" alt=\"marketing disney tsum tsum\" itemprop=\"image\" srcset=\"https:\/\/www.way2net.com\/wp-content\/uploads\/2019\/02\/disney-tsum-tsum-dest.jpg 400w, https:\/\/www.way2net.com\/wp-content\/uploads\/2019\/02\/disney-tsum-tsum-dest-300x243.jpg 300w\" sizes=\"(max-width: 400px) 100vw, 400px\" \/><\/a>\t\t<\/div>\n\t\t\t\t\t\t\t\t<header class=\"wp-show-posts-entry-header\">\n\t\t\t\t\t\t\t<h2 class=\"wp-show-posts-entry-title\" itemprop=\"headline\"><a href=\"https:\/\/www.way2net.com\/en\/portfolio\/disney-tsum-tsum-toys\/\" rel=\"bookmark\">Disney Tsum Tsum Toys<\/a><\/h2>\t\t\t\t\t\t<\/header>\n\t\t\t\t\t\t\t\t\t\t\t<div class=\"wp-show-posts-entry-summary\" itemprop=\"text\">\n\t\t\t\t\t\t\t<p>Client &#8211; Caffaro Hnos. &#8211; Disney Tsum Tsum Toys Tsum Tsum&#8216; are collectible mini plush figures for Disney classic characters and special collections like Frozen, Star wars, Toy Story, Disney&#8230;<\/p>\n\t\t\t\t\t\t<\/div>\n\t\t\t\t\t<div class=\"wpsp-read-more\"><a title=\"Disney Tsum Tsum Toys\" class=\"wp-show-posts-read-more\" href=\"https:\/\/www.way2net.com\/en\/portfolio\/disney-tsum-tsum-toys\/\">Leer m\u00e1s<\/a><\/div><\/div><\/article><article class=\" wp-show-posts-single post-4494 portfolio type-portfolio status-publish has-post-thumbnail hentry portfolio_category-redes-sociales-en portfolio_category-publicidad-en portfolio_category-marketing-digital-en wpsp-col-4\" itemtype=\"http:\/\/schema.org\/CreativeWork\" itemscope><div class=\"wp-show-posts-inner\" style=\"\">\t\t<div class=\"wp-show-posts-image  wpsp-image-center \">\n\t\t\t<a href=\"https:\/\/www.way2net.com\/en\/portfolio\/credipaz\/\" title=\"Credipaz Finnacial Services\"><img decoding=\"async\" width=\"710\" height=\"575\" src=\"https:\/\/www.way2net.com\/wp-content\/uploads\/2015\/06\/cp_mockup1.jpg\" class=\"attachment-full size-full wp-post-image\" alt=\"\" itemprop=\"image\" srcset=\"https:\/\/www.way2net.com\/wp-content\/uploads\/2015\/06\/cp_mockup1.jpg 710w, https:\/\/www.way2net.com\/wp-content\/uploads\/2015\/06\/cp_mockup1-300x242.jpg 300w, https:\/\/www.way2net.com\/wp-content\/uploads\/2015\/06\/cp_mockup1-495x400.jpg 495w, https:\/\/www.way2net.com\/wp-content\/uploads\/2015\/06\/cp_mockup1-705x570.jpg 705w, https:\/\/www.way2net.com\/wp-content\/uploads\/2015\/06\/cp_mockup1-450x364.jpg 450w\" sizes=\"(max-width: 710px) 100vw, 710px\"><\/a>\t\t<\/div>\n\t\t\t\t\t\t\t\t<header class=\"wp-show-posts-entry-header\">\n\t\t\t\t\t\t\t<h2 class=\"wp-show-posts-entry-title\" itemprop=\"headline\"><a href=\"https:\/\/www.way2net.com\/en\/portfolio\/credipaz\/\" rel=\"bookmark\">Credipaz Finnacial Services<\/a><\/h2>\t\t\t\t\t\t<\/header>\n\t\t\t\t\t\t\t\t\t\t\t<div class=\"wp-show-posts-entry-summary\" itemprop=\"text\">\n\t\t\t\t\t\t\t<p>Client &#8211; Credipaz Facebook:&nbsp;www.facebook.com\/credipaz Instagram: www.instagram.com\/credipazcp\/ Social Media Strategy Credipaz is a company that offers financial products: cash loans; retail credit through its various lines of credit (consumer, home, and&#8230;<\/p>\n\t\t\t\t\t\t<\/div>\n\t\t\t\t\t<div class=\"wpsp-read-more\"><a title=\"Credipaz Finnacial Services\" class=\"wp-show-posts-read-more\" href=\"https:\/\/www.way2net.com\/en\/portfolio\/credipaz\/\">Leer m\u00e1s<\/a><\/div><\/div><\/article><article class=\" wp-show-posts-single post-3810 portfolio type-portfolio status-publish has-post-thumbnail hentry portfolio_category-marketing-digital-en portfolio_category-redes-sociales-en portfolio_category-web-en wpsp-col-4\" itemtype=\"http:\/\/schema.org\/CreativeWork\" itemscope><div class=\"wp-show-posts-inner\" style=\"\">\t\t<div class=\"wp-show-posts-image  wpsp-image-center \">\n\t\t\t<a href=\"https:\/\/www.way2net.com\/en\/portfolio\/website-empresa-construccion-4-construcciones\/\" title=\"4 Construcciones\"><img decoding=\"async\" width=\"710\" height=\"575\" src=\"https:\/\/www.way2net.com\/wp-content\/uploads\/2014\/10\/destacada-4construcciones.jpg\" class=\"attachment-full size-full wp-post-image\" alt=\"sitio web empresa construccion\" itemprop=\"image\" srcset=\"https:\/\/www.way2net.com\/wp-content\/uploads\/2014\/10\/destacada-4construcciones.jpg 710w, https:\/\/www.way2net.com\/wp-content\/uploads\/2014\/10\/destacada-4construcciones-300x242.jpg 300w, https:\/\/www.way2net.com\/wp-content\/uploads\/2014\/10\/destacada-4construcciones-495x400.jpg 495w, https:\/\/www.way2net.com\/wp-content\/uploads\/2014\/10\/destacada-4construcciones-705x570.jpg 705w, https:\/\/www.way2net.com\/wp-content\/uploads\/2014\/10\/destacada-4construcciones-450x364.jpg 450w\" sizes=\"(max-width: 710px) 100vw, 710px\" \/><\/a>\t\t<\/div>\n\t\t\t\t\t\t\t\t<header class=\"wp-show-posts-entry-header\">\n\t\t\t\t\t\t\t<h2 class=\"wp-show-posts-entry-title\" itemprop=\"headline\"><a href=\"https:\/\/www.way2net.com\/en\/portfolio\/website-empresa-construccion-4-construcciones\/\" rel=\"bookmark\">4 Construcciones<\/a><\/h2>\t\t\t\t\t\t<\/header>\n\t\t\t\t\t\t\t\t\t\t\t<div class=\"wp-show-posts-entry-summary\" itemprop=\"text\">\n\t\t\t\t\t\t\t\t\t\t\t\t\t<\/div>\n\t\t\t\t\t<div class=\"wpsp-read-more\"><a title=\"4 Construcciones\" class=\"wp-show-posts-read-more\" href=\"https:\/\/www.way2net.com\/en\/portfolio\/website-empresa-construccion-4-construcciones\/\">Leer m\u00e1s<\/a><\/div><\/div><\/article><article class=\" wp-show-posts-single post-3815 portfolio type-portfolio status-publish has-post-thumbnail hentry portfolio_category-publicidad-en portfolio_category-marketing-digital-en portfolio_category-diseno-en portfolio_category-posicionamiento-en portfolio_category-redes-sociales-en wpsp-col-4\" itemtype=\"http:\/\/schema.org\/CreativeWork\" itemscope><div class=\"wp-show-posts-inner\" style=\"\">\t\t<div class=\"wp-show-posts-image  wpsp-image-center \">\n\t\t\t<a href=\"https:\/\/www.way2net.com\/en\/portfolio\/travel-agency-website\/\" title=\"Destinos a Medida Travel Agency\"><img decoding=\"async\" width=\"710\" height=\"575\" src=\"https:\/\/www.way2net.com\/wp-content\/uploads\/2014\/03\/destacada-destinosamedida-2.jpg\" class=\"attachment-full size-full wp-post-image\" alt=\"Destinos a Medida web\" itemprop=\"image\" srcset=\"https:\/\/www.way2net.com\/wp-content\/uploads\/2014\/03\/destacada-destinosamedida-2.jpg 710w, https:\/\/www.way2net.com\/wp-content\/uploads\/2014\/03\/destacada-destinosamedida-2-300x242.jpg 300w, https:\/\/www.way2net.com\/wp-content\/uploads\/2014\/03\/destacada-destinosamedida-2-495x400.jpg 495w, https:\/\/www.way2net.com\/wp-content\/uploads\/2014\/03\/destacada-destinosamedida-2-705x570.jpg 705w, https:\/\/www.way2net.com\/wp-content\/uploads\/2014\/03\/destacada-destinosamedida-2-450x364.jpg 450w\" sizes=\"(max-width: 710px) 100vw, 710px\" \/><\/a>\t\t<\/div>\n\t\t\t\t\t\t\t\t<header class=\"wp-show-posts-entry-header\">\n\t\t\t\t\t\t\t<h2 class=\"wp-show-posts-entry-title\" itemprop=\"headline\"><a href=\"https:\/\/www.way2net.com\/en\/portfolio\/travel-agency-website\/\" rel=\"bookmark\">Destinos a Medida Travel Agency<\/a><\/h2>\t\t\t\t\t\t<\/header>\n\t\t\t\t\t\t\t\t\t\t\t<div class=\"wp-show-posts-entry-summary\" itemprop=\"text\">\n\t\t\t\t\t\t\t<p>Desarrollo Sitio Web + Posicionamiento en Google + Community Management<\/p>\n\t\t\t\t\t\t<\/div>\n\t\t\t\t\t<div class=\"wpsp-read-more\"><a title=\"Destinos a Medida Travel Agency\" class=\"wp-show-posts-read-more\" href=\"https:\/\/www.way2net.com\/en\/portfolio\/travel-agency-website\/\">Leer m\u00e1s<\/a><\/div><\/div><\/article><article class=\" wp-show-posts-single post-3822 portfolio type-portfolio status-publish has-post-thumbnail hentry portfolio_category-marketing-digital-en portfolio_category-posicionamiento-en portfolio_category-redes-sociales-en portfolio_category-web-en wpsp-col-4\" itemtype=\"http:\/\/schema.org\/CreativeWork\" itemscope><div class=\"wp-show-posts-inner\" style=\"\">\t\t<div class=\"wp-show-posts-image  wpsp-image-center \">\n\t\t\t<a href=\"https:\/\/www.way2net.com\/en\/portfolio\/real-estate-website-toribio-achaval-tigre\/\" title=\"Toribio Achaval Tigre Real Estate\"><img decoding=\"async\" width=\"710\" height=\"575\" src=\"https:\/\/www.way2net.com\/wp-content\/uploads\/2014\/03\/destacada-toribio-2.jpg\" class=\"attachment-full size-full wp-post-image\" alt=\"sitio web Toribio Ach\u00e1val Tigre\" itemprop=\"image\" srcset=\"https:\/\/www.way2net.com\/wp-content\/uploads\/2014\/03\/destacada-toribio-2.jpg 710w, https:\/\/www.way2net.com\/wp-content\/uploads\/2014\/03\/destacada-toribio-2-300x242.jpg 300w, https:\/\/www.way2net.com\/wp-content\/uploads\/2014\/03\/destacada-toribio-2-495x400.jpg 495w, https:\/\/www.way2net.com\/wp-content\/uploads\/2014\/03\/destacada-toribio-2-705x570.jpg 705w, https:\/\/www.way2net.com\/wp-content\/uploads\/2014\/03\/destacada-toribio-2-450x364.jpg 450w\" sizes=\"(max-width: 710px) 100vw, 710px\" \/><\/a>\t\t<\/div>\n\t\t\t\t\t\t\t\t<header class=\"wp-show-posts-entry-header\">\n\t\t\t\t\t\t\t<h2 class=\"wp-show-posts-entry-title\" itemprop=\"headline\"><a href=\"https:\/\/www.way2net.com\/en\/portfolio\/real-estate-website-toribio-achaval-tigre\/\" rel=\"bookmark\">Toribio Achaval Tigre Real Estate<\/a><\/h2>\t\t\t\t\t\t<\/header>\n\t\t\t\t\t\t\t\t\t\t\t<div class=\"wp-show-posts-entry-summary\" itemprop=\"text\">\n\t\t\t\t\t\t\t<p>Cliente &#8211; Toribio Achaval Tigre web:\u00a0www.toribioachavaltigre.com.ar Estrategia Digital Toribio Achaval es una de las principales empresas inmobiliarias. Cuenta con un gran n\u00famero de sucursales. Si bien posee un sitio web&#8230;<\/p>\n\t\t\t\t\t\t<\/div>\n\t\t\t\t\t<div class=\"wpsp-read-more\"><a title=\"Toribio Achaval Tigre Real Estate\" class=\"wp-show-posts-read-more\" href=\"https:\/\/www.way2net.com\/en\/portfolio\/real-estate-website-toribio-achaval-tigre\/\">Leer m\u00e1s<\/a><\/div><\/div><\/article><article class=\" wp-show-posts-single post-3828 portfolio type-portfolio status-publish has-post-thumbnail hentry portfolio_category-marketing-digital-en portfolio_category-editorial-en portfolio_category-events portfolio_category-diseno-en portfolio_category-identidad-en portfolio_category-posicionamiento-en portfolio_category-redes-sociales-en portfolio_category-video portfolio_category-web-en wpsp-col-4\" itemtype=\"http:\/\/schema.org\/CreativeWork\" itemscope><div class=\"wp-show-posts-inner\" style=\"\">\t\t<div class=\"wp-show-posts-image  wpsp-image-center \">\n\t\t\t<a href=\"https:\/\/www.way2net.com\/en\/portfolio\/digital-strategy-magazine-gallaretas\/\" title=\"Gallaretas\"><img decoding=\"async\" width=\"710\" height=\"575\" src=\"https:\/\/www.way2net.com\/wp-content\/uploads\/2014\/03\/identidad-gallaretas.jpg\" class=\"attachment-full size-full wp-post-image\" alt=\"Identidad Gallaretas\" itemprop=\"image\" srcset=\"https:\/\/www.way2net.com\/wp-content\/uploads\/2014\/03\/identidad-gallaretas.jpg 710w, https:\/\/www.way2net.com\/wp-content\/uploads\/2014\/03\/identidad-gallaretas-300x242.jpg 300w, https:\/\/www.way2net.com\/wp-content\/uploads\/2014\/03\/identidad-gallaretas-495x400.jpg 495w, https:\/\/www.way2net.com\/wp-content\/uploads\/2014\/03\/identidad-gallaretas-705x570.jpg 705w, https:\/\/www.way2net.com\/wp-content\/uploads\/2014\/03\/identidad-gallaretas-450x364.jpg 450w\" sizes=\"(max-width: 710px) 100vw, 710px\" \/><\/a>\t\t<\/div>\n\t\t\t\t\t\t\t\t<header class=\"wp-show-posts-entry-header\">\n\t\t\t\t\t\t\t<h2 class=\"wp-show-posts-entry-title\" itemprop=\"headline\"><a href=\"https:\/\/www.way2net.com\/en\/portfolio\/digital-strategy-magazine-gallaretas\/\" rel=\"bookmark\">Gallaretas<\/a><\/h2>\t\t\t\t\t\t<\/header>\n\t\t\t\t\t\t\t\t\t\t\t<div class=\"wp-show-posts-entry-summary\" itemprop=\"text\">\n\t\t\t\t\t\t\t<p>Estrategia Integral: Identidad, Sitio Web, Dise\u00f1o Editorial Revista, Desarrollo y Gesti\u00f3n Comercial, Publicidad Online, SEO, Redes Sociales y Aplicaci\u00f3n Mobile<\/p>\n\t\t\t\t\t\t<\/div>\n\t\t\t\t\t<div class=\"wpsp-read-more\"><a title=\"Gallaretas\" class=\"wp-show-posts-read-more\" href=\"https:\/\/www.way2net.com\/en\/portfolio\/digital-strategy-magazine-gallaretas\/\">Leer m\u00e1s<\/a><\/div><\/div><\/article><article class=\" wp-show-posts-single post-3830 portfolio type-portfolio status-publish has-post-thumbnail hentry portfolio_category-marketing-digital-en portfolio_category-editorial-en portfolio_category-diseno-en portfolio_category-identidad-en portfolio_category-redes-sociales-en portfolio_category-web-en wpsp-col-4\" itemtype=\"http:\/\/schema.org\/CreativeWork\" itemscope><div class=\"wp-show-posts-inner\" style=\"\">\t\t<div class=\"wp-show-posts-image  wpsp-image-center \">\n\t\t\t<a href=\"https:\/\/www.way2net.com\/en\/portfolio\/digital-marketing-centro-estetica-bessone-piel\/\" title=\"Bessone Piel\"><img decoding=\"async\" width=\"710\" height=\"575\" src=\"https:\/\/www.way2net.com\/wp-content\/uploads\/2014\/03\/destacada-bessonepiel-2.jpg\" class=\"attachment-full size-full wp-post-image\" alt=\"Bessone Piel\" itemprop=\"image\" srcset=\"https:\/\/www.way2net.com\/wp-content\/uploads\/2014\/03\/destacada-bessonepiel-2.jpg 710w, https:\/\/www.way2net.com\/wp-content\/uploads\/2014\/03\/destacada-bessonepiel-2-300x242.jpg 300w, https:\/\/www.way2net.com\/wp-content\/uploads\/2014\/03\/destacada-bessonepiel-2-495x400.jpg 495w, https:\/\/www.way2net.com\/wp-content\/uploads\/2014\/03\/destacada-bessonepiel-2-705x570.jpg 705w, https:\/\/www.way2net.com\/wp-content\/uploads\/2014\/03\/destacada-bessonepiel-2-450x364.jpg 450w\" sizes=\"(max-width: 710px) 100vw, 710px\" \/><\/a>\t\t<\/div>\n\t\t\t\t\t\t\t\t<header class=\"wp-show-posts-entry-header\">\n\t\t\t\t\t\t\t<h2 class=\"wp-show-posts-entry-title\" itemprop=\"headline\"><a href=\"https:\/\/www.way2net.com\/en\/portfolio\/digital-marketing-centro-estetica-bessone-piel\/\" rel=\"bookmark\">Bessone Piel<\/a><\/h2>\t\t\t\t\t\t<\/header>\n\t\t\t\t\t\t\t\t\t\t\t<div class=\"wp-show-posts-entry-summary\" itemprop=\"text\">\n\t\t\t\t\t\t\t<p>Cliente &#8211; Bessone Piel Marketing Digital Centro Estetica website:\u00a0www.bessonepiel.com.ar Marketing Digital Centro Estetica Bessone Piel es un centro de medicina para la piel liderado por la Dra. Adriana Bessone. Nuclea&#8230;<\/p>\n\t\t\t\t\t\t<\/div>\n\t\t\t\t\t<div class=\"wpsp-read-more\"><a title=\"Bessone Piel\" class=\"wp-show-posts-read-more\" href=\"https:\/\/www.way2net.com\/en\/portfolio\/digital-marketing-centro-estetica-bessone-piel\/\">Leer m\u00e1s<\/a><\/div><\/div><\/article><div class=\"wpsp-clear\"><\/div><\/section>\n\n\n\n<h4 class=\"wp-block-heading\">Estos son algunos ejemplos de proyectos de Social Media de Way2net, si no encuentra algo similar a lo que est\u00e1 buscando, cont\u00e1ctenos, podemos ayudarlo con seguridad.<\/h4>\n\n\n\n\n<div class=\"wpcf7 no-js\" id=\"wpcf7-f3836-o1\" lang=\"en-US\" dir=\"ltr\" data-wpcf7-id=\"3836\">\n<div class=\"screen-reader-response\"><p role=\"status\" aria-live=\"polite\" aria-atomic=\"true\"><\/p> <ul><\/ul><\/div>\n<form action=\"\/en\/wp-json\/wp\/v2\/pages\/14960#wpcf7-f3836-o1\" method=\"post\" class=\"wpcf7-form init\" aria-label=\"Contact form\" novalidate=\"novalidate\" data-status=\"init\">\n<fieldset class=\"hidden-fields-container\"><input type=\"hidden\" name=\"_wpcf7\" value=\"3836\" \/><input type=\"hidden\" name=\"_wpcf7_version\" value=\"6.1\" \/><input type=\"hidden\" name=\"_wpcf7_locale\" value=\"en_US\" \/><input type=\"hidden\" name=\"_wpcf7_unit_tag\" value=\"wpcf7-f3836-o1\" \/><input type=\"hidden\" name=\"_wpcf7_container_post\" value=\"0\" \/><input type=\"hidden\" name=\"_wpcf7_posted_data_hash\" value=\"\" \/>\n<\/fieldset>\n<p><span style=\"color:#a9a9a9;\">required fields (*)<\/span>\n<\/p>\n<div>\n\t<p><span class=\"wpcf7-form-control-wrap\" data-name=\"your-name\"><input size=\"40\" maxlength=\"400\" class=\"wpcf7-form-control wpcf7-text wpcf7-validates-as-required\" aria-required=\"true\" aria-invalid=\"false\" placeholder=\"Name(*)\" value=\"\" type=\"text\" name=\"your-name\" \/><\/span>\n\t<\/p>\n<\/div>\n<div>\n\t<p><span class=\"wpcf7-form-control-wrap\" data-name=\"your-email\"><input size=\"40\" maxlength=\"400\" class=\"wpcf7-form-control wpcf7-email wpcf7-validates-as-required wpcf7-text wpcf7-validates-as-email\" aria-required=\"true\" aria-invalid=\"false\" placeholder=\"email(*)\" value=\"\" type=\"email\" name=\"your-email\" \/><\/span>\n\t<\/p>\n<\/div>\n<div>\n\t<p><span class=\"wpcf7-form-control-wrap\" data-name=\"empresa\"><input size=\"40\" maxlength=\"400\" class=\"wpcf7-form-control wpcf7-text\" aria-invalid=\"false\" placeholder=\"Company\" value=\"\" type=\"text\" name=\"empresa\" \/><\/span>\n\t<\/p>\n<\/div>\n<div>\n\t<p><span class=\"wpcf7-form-control-wrap\" data-name=\"tel-part\"><input size=\"40\" maxlength=\"400\" class=\"wpcf7-form-control wpcf7-text\" aria-invalid=\"false\" placeholder=\"Telephone\" value=\"\" type=\"text\" name=\"tel-part\" \/><\/span>\n\t<\/p>\n<\/div>\n<div>\n\t<p><span class=\"wpcf7-form-control-wrap\" data-name=\"your-message\"><textarea cols=\"40\" rows=\"3\" maxlength=\"2000\" class=\"wpcf7-form-control wpcf7-textarea\" aria-invalid=\"false\" placeholder=\"Message\" name=\"your-message\"><\/textarea><\/span>\n\t<\/p>\n<\/div>\n<p><input class=\"wpcf7-form-control wpcf7-submit has-spinner\" type=\"submit\" value=\"Send\" \/>\n<\/p>\n<div class=\"clr\">\n<\/div><p style=\"display: none !important;\" class=\"akismet-fields-container\" data-prefix=\"_wpcf7_ak_\"><label>&#916;<textarea name=\"_wpcf7_ak_hp_textarea\" cols=\"45\" rows=\"8\" maxlength=\"100\"><\/textarea><\/label><input type=\"hidden\" id=\"ak_js_1\" name=\"_wpcf7_ak_js\" value=\"178\"\/><script>document.getElementById( \"ak_js_1\" ).setAttribute( \"value\", ( new Date() ).getTime() );<\/script><\/p><div class=\"wpcf7-response-output\" aria-hidden=\"true\"><\/div>\n<\/form>\n<\/div>\n\n","protected":false},"excerpt":{"rendered":"<p>Estos son algunos ejemplos de proyectos de Social Media de Way2net, si no encuentra algo similar a lo que est\u00e1 buscando, cont\u00e1ctenos, podemos ayudarlo con seguridad.<\/p>\n","protected":false},"author":4,"featured_media":0,"parent":3861,"menu_order":0,"comment_status":"closed","ping_status":"closed","template":"","meta":{"_joinchat":[],"footnotes":""},"class_list":["post-14960","page","type-page","status-publish","hentry"],"_links":{"self":[{"href":"https:\/\/www.way2net.com\/en\/wp-json\/wp\/v2\/pages\/14960","targetHints":{"allow":["GET"]}}],"collection":[{"href":"https:\/\/www.way2net.com\/en\/wp-json\/wp\/v2\/pages"}],"about":[{"href":"https:\/\/www.way2net.com\/en\/wp-json\/wp\/v2\/types\/page"}],"author":[{"embeddable":true,"href":"https:\/\/www.way2net.com\/en\/wp-json\/wp\/v2\/users\/4"}],"replies":[{"embeddable":true,"href":"https:\/\/www.way2net.com\/en\/wp-json\/wp\/v2\/comments?post=14960"}],"version-history":[{"count":2,"href":"https:\/\/www.way2net.com\/en\/wp-json\/wp\/v2\/pages\/14960\/revisions"}],"predecessor-version":[{"id":15435,"href":"https:\/\/www.way2net.com\/en\/wp-json\/wp\/v2\/pages\/14960\/revisions\/15435"}],"up":[{"embeddable":true,"href":"https:\/\/www.way2net.com\/en\/wp-json\/wp\/v2\/pages\/3861"}],"wp:attachment":[{"href":"https:\/\/www.way2net.com\/en\/wp-json\/wp\/v2\/media?parent=14960"}],"curies":[{"name":"wp","href":"https:\/\/api.w.org\/{rel}","templated":true}]}}